{"id":72,"date":"2023-01-16T18:35:01","date_gmt":"2023-01-16T09:35:01","guid":{"rendered":"http:\/\/maharl.com\/diary\/?page_id=72"},"modified":"2023-01-31T18:16:16","modified_gmt":"2023-01-31T09:16:16","slug":"di202301b","status":"publish","type":"page","link":"http:\/\/maharl.com\/diary\/di202301b\/","title":{"rendered":"2023\u5e741\u6708\u4e0b\u65ec"},"content":{"rendered":"\n<p><\/p>\n\n\n\n<p>2023\/1\/30<\/p>\n\n\n\n<p>\u30d5\u30a1\u30fc\u30b9\u30c8\u30fb\u30cd\u30fc\u30e0\u304c E \u304b\u3089\u59cb\u307e\u308b\u30d4\u30a2\u30cb\u30b9\u30c8\u306eCD\u3092\u6570\u679a\u53d6\u308a\u51fa\u3057\u307e\u3057\u305f\u3001\u4e00\u6628\u65e5\u304b\u3089\u8074\u3044\u3066\u3044\u307e\u3059\u3002<\/p>\n\n\n<div class=\"wp-block-image\">\n<figure class=\"aligncenter size-full\"><img loading=\"lazy\" decoding=\"async\" width=\"1024\" height=\"768\" src=\"http:\/\/maharl.com\/diary\/wp\/wp-content\/uploads\/2023\/01\/tkk20230130.jpeg\" alt=\"\" class=\"wp-image-105\" srcset=\"http:\/\/maharl.com\/diary\/wp\/wp-content\/uploads\/2023\/01\/tkk20230130.jpeg 1024w, http:\/\/maharl.com\/diary\/wp\/wp-content\/uploads\/2023\/01\/tkk20230130-300x225.jpeg 300w, http:\/\/maharl.com\/diary\/wp\/wp-content\/uploads\/2023\/01\/tkk20230130-768x576.jpeg 768w\" sizes=\"auto, (max-width: 1024px) 100vw, 1024px\" \/><\/figure>\n<\/div>\n\n\n<div style=\"height:41px\" aria-hidden=\"true\" class=\"wp-block-spacer\"><\/div>\n\n\n\n<p>2023\/1\/29<\/p>\n\n\n\n<p>\u672c\u65e5\u306f apple music\u3067\u3001\u30b8\u30e7\u30fc\u30a4\u30fb\u30c7\u30d5\u30e9\u30f3\u30bb\u30b9\u30b3\u306a\u3072\u3068\u6642\u3092\u697d\u3057\u307f\u307e\u3057\u305f\u3002<\/p>\n\n\n<div class=\"wp-block-image\">\n<figure class=\"aligncenter size-full\"><img loading=\"lazy\" decoding=\"async\" width=\"1024\" height=\"768\" src=\"http:\/\/maharl.com\/diary\/wp\/wp-content\/uploads\/2023\/01\/tkk20230129.jpeg\" alt=\"\" class=\"wp-image-103\" srcset=\"http:\/\/maharl.com\/diary\/wp\/wp-content\/uploads\/2023\/01\/tkk20230129.jpeg 1024w, http:\/\/maharl.com\/diary\/wp\/wp-content\/uploads\/2023\/01\/tkk20230129-300x225.jpeg 300w, http:\/\/maharl.com\/diary\/wp\/wp-content\/uploads\/2023\/01\/tkk20230129-768x576.jpeg 768w\" sizes=\"auto, (max-width: 1024px) 100vw, 1024px\" \/><\/figure>\n<\/div>\n\n\n<p><\/p>\n\n\n\n<p>2023\/1\/28<\/p>\n\n\n\n<p>SteepleChase \u3092 apple music \u3067\u3001\u305d\u306e31\u3002<br>1062 Monnette Sudler Quartet\/Quintet \/ Time for a Change<br>1063 Duke Jordan \/ Live in Japan vol. 1<\/p>\n\n\n<div class=\"wp-block-image\">\n<figure class=\"aligncenter size-full\"><img loading=\"lazy\" decoding=\"async\" width=\"1024\" height=\"768\" src=\"http:\/\/maharl.com\/diary\/wp\/wp-content\/uploads\/2023\/01\/tkk20230128.jpeg\" alt=\"\" class=\"wp-image-101\" srcset=\"http:\/\/maharl.com\/diary\/wp\/wp-content\/uploads\/2023\/01\/tkk20230128.jpeg 1024w, http:\/\/maharl.com\/diary\/wp\/wp-content\/uploads\/2023\/01\/tkk20230128-300x225.jpeg 300w, http:\/\/maharl.com\/diary\/wp\/wp-content\/uploads\/2023\/01\/tkk20230128-768x576.jpeg 768w\" sizes=\"auto, (max-width: 1024px) 100vw, 1024px\" \/><\/figure>\n<\/div>\n\n\n<div style=\"height:40px\" aria-hidden=\"true\" class=\"wp-block-spacer\"><\/div>\n\n\n\n<p>2023\/1\/27<\/p>\n\n\n\n<p>\u672c\u65e5\u306f apple music\u3067\u3001\u30c7\u30a4\u30f4\u30fb\u30da\u30c3\u30af\u306a\u3072\u3068\u6642\u3092\u697d\u3057\u307f\u307e\u3057\u305f\u3002<\/p>\n\n\n<div class=\"wp-block-image\">\n<figure class=\"aligncenter size-full\"><img loading=\"lazy\" decoding=\"async\" width=\"1024\" height=\"768\" src=\"http:\/\/maharl.com\/diary\/wp\/wp-content\/uploads\/2023\/01\/tkk20230127.jpeg\" alt=\"\" class=\"wp-image-99\" srcset=\"http:\/\/maharl.com\/diary\/wp\/wp-content\/uploads\/2023\/01\/tkk20230127.jpeg 1024w, http:\/\/maharl.com\/diary\/wp\/wp-content\/uploads\/2023\/01\/tkk20230127-300x225.jpeg 300w, http:\/\/maharl.com\/diary\/wp\/wp-content\/uploads\/2023\/01\/tkk20230127-768x576.jpeg 768w\" sizes=\"auto, (max-width: 1024px) 100vw, 1024px\" \/><\/figure>\n<\/div>\n\n\n<div style=\"height:40px\" aria-hidden=\"true\" class=\"wp-block-spacer\"><\/div>\n\n\n\n<p>2023\/1\/26<\/p>\n\n\n\n<p>SteepleChase \u3092 apple music \u3067\u3001\u305d\u306e30\u3002<br>1060 Dexter Gordon Quartet \/ Bouncin&#8217; with Dex<br>1061 Jimmy Knepper Quintet \/ Cunningbird<\/p>\n\n\n\n<figure class=\"wp-block-image size-full\"><img loading=\"lazy\" decoding=\"async\" width=\"1024\" height=\"768\" src=\"http:\/\/maharl.com\/diary\/wp\/wp-content\/uploads\/2023\/01\/\u4eca\u65e5\u3053\u30532023a.001-1.jpeg\" alt=\"\" class=\"wp-image-97\" srcset=\"http:\/\/maharl.com\/diary\/wp\/wp-content\/uploads\/2023\/01\/\u4eca\u65e5\u3053\u30532023a.001-1.jpeg 1024w, http:\/\/maharl.com\/diary\/wp\/wp-content\/uploads\/2023\/01\/\u4eca\u65e5\u3053\u30532023a.001-1-300x225.jpeg 300w, http:\/\/maharl.com\/diary\/wp\/wp-content\/uploads\/2023\/01\/\u4eca\u65e5\u3053\u30532023a.001-1-768x576.jpeg 768w\" sizes=\"auto, (max-width: 1024px) 100vw, 1024px\" \/><\/figure>\n\n\n\n<div style=\"height:41px\" aria-hidden=\"true\" class=\"wp-block-spacer\"><\/div>\n\n\n\n<p>2023\/1\/25<\/p>\n\n\n\n<p>\u672c\u65e5\u306f apple music\u3067\u3001\u30b8\u30e7\u30a4\u30b9\u306a\u3072\u3068\u6642\u3092\u697d\u3057\u307f\u307e\u3057\u305f\u3002<\/p>\n\n\n<div class=\"wp-block-image\">\n<figure class=\"aligncenter size-full\"><img loading=\"lazy\" decoding=\"async\" width=\"1024\" height=\"768\" src=\"http:\/\/maharl.com\/diary\/wp\/wp-content\/uploads\/2023\/01\/tkk20230125.jpeg\" alt=\"\" class=\"wp-image-94\" srcset=\"http:\/\/maharl.com\/diary\/wp\/wp-content\/uploads\/2023\/01\/tkk20230125.jpeg 1024w, http:\/\/maharl.com\/diary\/wp\/wp-content\/uploads\/2023\/01\/tkk20230125-300x225.jpeg 300w, http:\/\/maharl.com\/diary\/wp\/wp-content\/uploads\/2023\/01\/tkk20230125-768x576.jpeg 768w\" sizes=\"auto, (max-width: 1024px) 100vw, 1024px\" \/><\/figure>\n<\/div>\n\n\n<div style=\"height:40px\" aria-hidden=\"true\" class=\"wp-block-spacer\"><\/div>\n\n\n\n<p>2023\/1\/24<\/p>\n\n\n\n<p>SteepleChase \u3092 apple music \u3067\u3001\u305d\u306e29\u3002<br>1058 Eddie &#8220;Lockjaw&#8221; Davis \/ Swingin&#8217; Till the Girls Come Home<br>1059 Nat Adderley Septet \/ Don&#8217;t Look Back<\/p>\n\n\n<div class=\"wp-block-image\">\n<figure class=\"aligncenter size-full\"><img loading=\"lazy\" decoding=\"async\" width=\"1024\" height=\"768\" src=\"http:\/\/maharl.com\/diary\/wp\/wp-content\/uploads\/2023\/01\/tkk20230124.jpeg\" alt=\"\" class=\"wp-image-91\" srcset=\"http:\/\/maharl.com\/diary\/wp\/wp-content\/uploads\/2023\/01\/tkk20230124.jpeg 1024w, http:\/\/maharl.com\/diary\/wp\/wp-content\/uploads\/2023\/01\/tkk20230124-300x225.jpeg 300w, http:\/\/maharl.com\/diary\/wp\/wp-content\/uploads\/2023\/01\/tkk20230124-768x576.jpeg 768w\" sizes=\"auto, (max-width: 1024px) 100vw, 1024px\" \/><\/figure>\n<\/div>\n\n\n<div style=\"height:40px\" aria-hidden=\"true\" class=\"wp-block-spacer\"><\/div>\n\n\n\n<p>2023\/1\/23<\/p>\n\n\n\n<p>\u672c\u65e5\u306f apple music\u3067\u3001\u30b2\u30a4\u30ea\u30fc\u30fb\u30d0\u30fc\u30c8\u30f3\u306a\u3072\u3068\u6642\u3092\u697d\u3057\u307f\u307e\u3057\u305f\u3002<\/p>\n\n\n\n<figure class=\"wp-block-image size-full\"><img loading=\"lazy\" decoding=\"async\" width=\"1024\" height=\"768\" src=\"http:\/\/maharl.com\/diary\/wp\/wp-content\/uploads\/2023\/01\/tkk20230123.jpeg\" alt=\"\" class=\"wp-image-87\" srcset=\"http:\/\/maharl.com\/diary\/wp\/wp-content\/uploads\/2023\/01\/tkk20230123.jpeg 1024w, http:\/\/maharl.com\/diary\/wp\/wp-content\/uploads\/2023\/01\/tkk20230123-300x225.jpeg 300w, http:\/\/maharl.com\/diary\/wp\/wp-content\/uploads\/2023\/01\/tkk20230123-768x576.jpeg 768w\" sizes=\"auto, (max-width: 1024px) 100vw, 1024px\" \/><\/figure>\n\n\n\n<div style=\"height:40px\" aria-hidden=\"true\" class=\"wp-block-spacer\"><\/div>\n\n\n\n<p>2023\/1\/22<\/p>\n\n\n\n<p>\u672c\u65e5\u306f apple music\u3067\u3001Kalaparusha Maurice McIntyre \u306a\u3072\u3068\u6642\u3092\u697d\u3057\u307f\u307e\u3057\u305f\u3002<\/p>\n\n\n\n<figure class=\"wp-block-image size-full\"><img loading=\"lazy\" decoding=\"async\" width=\"1024\" height=\"768\" src=\"http:\/\/maharl.com\/diary\/wp\/wp-content\/uploads\/2023\/01\/tkk20230122.jpeg\" alt=\"\" class=\"wp-image-84\" srcset=\"http:\/\/maharl.com\/diary\/wp\/wp-content\/uploads\/2023\/01\/tkk20230122.jpeg 1024w, http:\/\/maharl.com\/diary\/wp\/wp-content\/uploads\/2023\/01\/tkk20230122-300x225.jpeg 300w, http:\/\/maharl.com\/diary\/wp\/wp-content\/uploads\/2023\/01\/tkk20230122-768x576.jpeg 768w\" sizes=\"auto, (max-width: 1024px) 100vw, 1024px\" \/><\/figure>\n\n\n\n<div style=\"height:40px\" aria-hidden=\"true\" class=\"wp-block-spacer\"><\/div>\n\n\n\n<p>2023\/1\/21<\/p>\n\n\n\n<p>SteepleChase \u3092 apple music \u3067\u3001\u305d\u306e28\u3002<br>1056 Horace Parlan Trio \/ No Blues<br>1057 Lee Konitz and Hal Galper \/ Windows<\/p>\n\n\n<div class=\"wp-block-image\">\n<figure class=\"aligncenter size-full\"><img loading=\"lazy\" decoding=\"async\" width=\"1024\" height=\"768\" src=\"http:\/\/maharl.com\/diary\/wp\/wp-content\/uploads\/2023\/01\/tkk20230121.jpeg\" alt=\"\" class=\"wp-image-82\" srcset=\"http:\/\/maharl.com\/diary\/wp\/wp-content\/uploads\/2023\/01\/tkk20230121.jpeg 1024w, http:\/\/maharl.com\/diary\/wp\/wp-content\/uploads\/2023\/01\/tkk20230121-300x225.jpeg 300w, http:\/\/maharl.com\/diary\/wp\/wp-content\/uploads\/2023\/01\/tkk20230121-768x576.jpeg 768w\" sizes=\"auto, (max-width: 1024px) 100vw, 1024px\" \/><\/figure>\n<\/div>\n\n\n<div style=\"height:40px\" aria-hidden=\"true\" class=\"wp-block-spacer\"><\/div>\n\n\n\n<p>2023\/1\/20<\/p>\n\n\n\n<p>\u672c\u65e5\u306f apple music\u3067\u3001\u30a2\u30ec\u30c3\u30af\u30b9\u30fb\u30ea\u30fc\u30eb\u306a\u3072\u3068\u6642\u3092\u697d\u3057\u307f\u307e\u3057\u305f\u3002<\/p>\n\n\n<div class=\"wp-block-image\">\n<figure class=\"aligncenter size-full\"><img loading=\"lazy\" decoding=\"async\" width=\"1024\" height=\"768\" src=\"http:\/\/maharl.com\/diary\/wp\/wp-content\/uploads\/2023\/01\/\u4eca\u65e5\u3053\u30532023a.001.jpeg\" alt=\"\" class=\"wp-image-80\" srcset=\"http:\/\/maharl.com\/diary\/wp\/wp-content\/uploads\/2023\/01\/\u4eca\u65e5\u3053\u30532023a.001.jpeg 1024w, http:\/\/maharl.com\/diary\/wp\/wp-content\/uploads\/2023\/01\/\u4eca\u65e5\u3053\u30532023a.001-300x225.jpeg 300w, http:\/\/maharl.com\/diary\/wp\/wp-content\/uploads\/2023\/01\/\u4eca\u65e5\u3053\u30532023a.001-768x576.jpeg 768w\" sizes=\"auto, (max-width: 1024px) 100vw, 1024px\" \/><\/figure>\n<\/div>\n\n\n<div style=\"height:40px\" aria-hidden=\"true\" class=\"wp-block-spacer\"><\/div>\n\n\n\n<p>2023\/1\/19<\/p>\n\n\n\n<p>SteepleChase \u3092 apple music \u3067\u3001\u305d\u306e27\u3002<br>1054 Tete Montoliu \/ T\u00eate \u00e0 Tete<br>1055 Niels-Henning \u00d8rsted Pedersen and Sam Jones \/ Double Bass<\/p>\n\n\n<div class=\"wp-block-image\">\n<figure class=\"aligncenter size-full\"><img loading=\"lazy\" decoding=\"async\" width=\"1024\" height=\"768\" src=\"http:\/\/maharl.com\/diary\/wp\/wp-content\/uploads\/2023\/01\/tkk20230119.jpeg\" alt=\"\" class=\"wp-image-78\" srcset=\"http:\/\/maharl.com\/diary\/wp\/wp-content\/uploads\/2023\/01\/tkk20230119.jpeg 1024w, http:\/\/maharl.com\/diary\/wp\/wp-content\/uploads\/2023\/01\/tkk20230119-300x225.jpeg 300w, http:\/\/maharl.com\/diary\/wp\/wp-content\/uploads\/2023\/01\/tkk20230119-768x576.jpeg 768w\" sizes=\"auto, (max-width: 1024px) 100vw, 1024px\" \/><\/figure>\n<\/div>\n\n\n<div style=\"height:40px\" aria-hidden=\"true\" class=\"wp-block-spacer\"><\/div>\n\n\n\n<p><\/p>\n\n\n\n<p>2023\/1\/18<\/p>\n\n\n\n<p>\u672c\u65e5\u306f apple music\u3067\u3001\u30a8\u30eb\u30f4\u30a3\u30f3\u30fb\u30b8\u30e7\u30fc\u30f3\u30ba\u306a\u3072\u3068\u6642\u3092\u697d\u3057\u307f\u307e\u3057\u305f\u3002<\/p>\n\n\n<div class=\"wp-block-image\">\n<figure class=\"aligncenter size-full\"><img loading=\"lazy\" decoding=\"async\" width=\"1024\" height=\"768\" src=\"http:\/\/maharl.com\/diary\/wp\/wp-content\/uploads\/2023\/01\/tkk20230118.jpeg\" alt=\"\" class=\"wp-image-76\" srcset=\"http:\/\/maharl.com\/diary\/wp\/wp-content\/uploads\/2023\/01\/tkk20230118.jpeg 1024w, http:\/\/maharl.com\/diary\/wp\/wp-content\/uploads\/2023\/01\/tkk20230118-300x225.jpeg 300w, http:\/\/maharl.com\/diary\/wp\/wp-content\/uploads\/2023\/01\/tkk20230118-768x576.jpeg 768w\" sizes=\"auto, (max-width: 1024px) 100vw, 1024px\" \/><\/figure>\n<\/div>\n\n\n<div style=\"height:40px\" aria-hidden=\"true\" class=\"wp-block-spacer\"><\/div>\n\n\n\n<p>2023\/1\/17<\/p>\n\n\n\n<p>SteepleChase \u3092 apple music \u3067\u3001\u305d\u306e26\u3002<br>1052 Idrees Sulieman \/ Now Is the Time<br>1053 Duke Jordan Quartet \/ Misty Thursday<\/p>\n\n\n<div class=\"wp-block-image\">\n<figure class=\"aligncenter size-full\"><img loading=\"lazy\" decoding=\"async\" width=\"1024\" height=\"768\" src=\"http:\/\/maharl.com\/diary\/wp\/wp-content\/uploads\/2023\/01\/tkk20230117.jpeg\" alt=\"\" class=\"wp-image-74\" srcset=\"http:\/\/maharl.com\/diary\/wp\/wp-content\/uploads\/2023\/01\/tkk20230117.jpeg 1024w, http:\/\/maharl.com\/diary\/wp\/wp-content\/uploads\/2023\/01\/tkk20230117-300x225.jpeg 300w, http:\/\/maharl.com\/diary\/wp\/wp-content\/uploads\/2023\/01\/tkk20230117-768x576.jpeg 768w\" sizes=\"auto, (max-width: 1024px) 100vw, 1024px\" \/><\/figure>\n<\/div>\n\n\n<div style=\"height:40px\" aria-hidden=\"true\" class=\"wp-block-spacer\"><\/div>\n\n\n\n<p>2023\/1\/16<\/p>\n\n\n\n<p>\u672c\u65e5\u306f apple music\u3067\u3001\u30c7\u30a4\u30f4\u30a3\u30c3\u30c9\u30fb\u30a6\u30a9\u30fc\u30bf\u30fc\u30de\u30f3\u306a\u3072\u3068\u6642\u3092\u697d\u3057\u307f\u307e\u3057\u305f\u3002<\/p>\n\n\n<div class=\"wp-block-image\">\n<figure class=\"aligncenter size-full\"><img loading=\"lazy\" decoding=\"async\" width=\"1024\" height=\"768\" src=\"http:\/\/maharl.com\/diary\/wp\/wp-content\/uploads\/2023\/01\/tkk20230116.jpeg\" alt=\"\" class=\"wp-image-67\" srcset=\"http:\/\/maharl.com\/diary\/wp\/wp-content\/uploads\/2023\/01\/tkk20230116.jpeg 1024w, http:\/\/maharl.com\/diary\/wp\/wp-content\/uploads\/2023\/01\/tkk20230116-300x225.jpeg 300w, http:\/\/maharl.com\/diary\/wp\/wp-content\/uploads\/2023\/01\/tkk20230116-768x576.jpeg 768w\" sizes=\"auto, (max-width: 1024px) 100vw, 1024px\" \/><\/figure>\n<\/div>","protected":false},"excerpt":{"rendered":"<p>2023\/1\/30 \u30d5\u30a1\u30fc\u30b9\u30c8\u30fb\u30cd\u30fc\u30e0\u304c E \u304b\u3089\u59cb\u307e\u308b\u30d4\u30a2\u30cb\u30b9\u30c8\u306eCD\u3092\u6570\u679a\u53d6\u308a\u51fa\u3057\u307e\u3057\u305f\u3001\u4e00\u6628\u65e5\u304b\u3089\u8074\u3044\u3066\u3044\u307e\u3059\u3002 2023\/1\/29 \u672c\u65e5\u306f apple music\u3067\u3001\u30b8\u30e7\u30fc\u30a4\u30fb\u30c7\u30d5\u30e9\u30f3\u30bb\u30b9\u30b3\u306a\u3072\u3068\u6642\u3092\u697d\u3057\u307f\u307e\u3057\u305f&hellip; <a class=\"more-link\" href=\"http:\/\/maharl.com\/diary\/di202301b\/\">\u7d9a\u304d\u3092\u8aad\u3080 <span class=\"screen-reader-text\">2023\u5e741\u6708\u4e0b\u65ec<\/span><\/a><\/p>\n","protected":false},"author":1,"featured_media":0,"parent":0,"menu_order":0,"comment_status":"closed","ping_status":"closed","template":"","meta":{"_coblocks_attr":"","_coblocks_dimensions":"","_coblocks_responsive_height":"","_coblocks_accordion_ie_support":"","footnotes":""},"class_list":["post-72","page","type-page","status-publish","hentry","entry"],"_links":{"self":[{"href":"http:\/\/maharl.com\/diary\/wp-json\/wp\/v2\/pages\/72","targetHints":{"allow":["GET"]}}],"collection":[{"href":"http:\/\/maharl.com\/diary\/wp-json\/wp\/v2\/pages"}],"about":[{"href":"http:\/\/maharl.com\/diary\/wp-json\/wp\/v2\/types\/page"}],"author":[{"embeddable":true,"href":"http:\/\/maharl.com\/diary\/wp-json\/wp\/v2\/users\/1"}],"replies":[{"embeddable":true,"href":"http:\/\/maharl.com\/diary\/wp-json\/wp\/v2\/comments?post=72"}],"version-history":[{"count":19,"href":"http:\/\/maharl.com\/diary\/wp-json\/wp\/v2\/pages\/72\/revisions"}],"predecessor-version":[{"id":109,"href":"http:\/\/maharl.com\/diary\/wp-json\/wp\/v2\/pages\/72\/revisions\/109"}],"wp:attachment":[{"href":"http:\/\/maharl.com\/diary\/wp-json\/wp\/v2\/media?parent=72"}],"curies":[{"name":"wp","href":"https:\/\/api.w.org\/{rel}","templated":true}]}}