{"id":561,"date":"2023-07-20T16:55:04","date_gmt":"2023-07-20T07:55:04","guid":{"rendered":"http:\/\/maharl.com\/diary\/?page_id=561"},"modified":"2023-07-31T16:24:46","modified_gmt":"2023-07-31T07:24:46","slug":"di202307c","status":"publish","type":"page","link":"http:\/\/maharl.com\/diary\/di202307c\/","title":{"rendered":"2023\u5e747\u6708\u4e0b\u65ec"},"content":{"rendered":"\n<p>2023\/7\/31<\/p>\n\n\n\n<p>\u672c\u65e5\u306f\u3001SteepleChase \u306a\u3072\u3068\u6642\uff08\u305d\u306e88\uff09\u3092\u697d\u3057\u307f\u307e\u3057\u305f\u3002<br>1177 Bernt Rosengren Quartet\/Quintet \/ Surprise Party<br>1178 Horace Parlan Trio \/ Like Someone In Love<\/p>\n\n\n<div class=\"wp-block-image\">\n<figure class=\"aligncenter size-full\"><img loading=\"lazy\" decoding=\"async\" width=\"1024\" height=\"768\" src=\"http:\/\/maharl.com\/diary\/wp\/wp-content\/uploads\/2023\/07\/tkk20230731.jpeg\" alt=\"\" class=\"wp-image-588\" srcset=\"http:\/\/maharl.com\/diary\/wp\/wp-content\/uploads\/2023\/07\/tkk20230731.jpeg 1024w, http:\/\/maharl.com\/diary\/wp\/wp-content\/uploads\/2023\/07\/tkk20230731-300x225.jpeg 300w, http:\/\/maharl.com\/diary\/wp\/wp-content\/uploads\/2023\/07\/tkk20230731-768x576.jpeg 768w\" sizes=\"auto, (max-width: 1024px) 100vw, 1024px\" \/><\/figure>\n<\/div>\n\n\n<div style=\"height:40px\" aria-hidden=\"true\" class=\"wp-block-spacer\"><\/div>\n\n\n\n<p>2023\/7\/30<\/p>\n\n\n\n<p>\u672c\u65e5\u306f\u3001BN4000\u756a\u53f0\u3067\u30c8\u30e9\u30f3\u30da\u30c3\u30c8\u306a\u3072\u3068\u6642\uff08\u305d\u306e21\uff09\u3092\u697d\u3057\u307f\u307e\u3057\u305f\u3002<\/p>\n\n\n<div class=\"wp-block-image\">\n<figure class=\"aligncenter size-full\"><img loading=\"lazy\" decoding=\"async\" width=\"1024\" height=\"768\" src=\"http:\/\/maharl.com\/diary\/wp\/wp-content\/uploads\/2023\/07\/tkk20230730.jpeg\" alt=\"\" class=\"wp-image-585\" srcset=\"http:\/\/maharl.com\/diary\/wp\/wp-content\/uploads\/2023\/07\/tkk20230730.jpeg 1024w, http:\/\/maharl.com\/diary\/wp\/wp-content\/uploads\/2023\/07\/tkk20230730-300x225.jpeg 300w, http:\/\/maharl.com\/diary\/wp\/wp-content\/uploads\/2023\/07\/tkk20230730-768x576.jpeg 768w\" sizes=\"auto, (max-width: 1024px) 100vw, 1024px\" \/><\/figure>\n<\/div>\n\n\n<div style=\"height:40px\" aria-hidden=\"true\" class=\"wp-block-spacer\"><\/div>\n\n\n\n<p>2023\/7\/29<\/p>\n\n\n\n<p>\u672c\u65e5\u306f\u3001\u30e4\u30b9\u30d1\u30fc\u30fb\u30d5\u30a1\u30f3\u30c8\u30d5\u306a\u3072\u3068\u6642\u3092\u697d\u3057\u307f\u307e\u3057\u305f\u3002<\/p>\n\n\n<div class=\"wp-block-image\">\n<figure class=\"aligncenter size-full\"><img loading=\"lazy\" decoding=\"async\" width=\"1024\" height=\"768\" src=\"http:\/\/maharl.com\/diary\/wp\/wp-content\/uploads\/2023\/07\/tkk20230729.jpeg\" alt=\"\" class=\"wp-image-582\" srcset=\"http:\/\/maharl.com\/diary\/wp\/wp-content\/uploads\/2023\/07\/tkk20230729.jpeg 1024w, http:\/\/maharl.com\/diary\/wp\/wp-content\/uploads\/2023\/07\/tkk20230729-300x225.jpeg 300w, http:\/\/maharl.com\/diary\/wp\/wp-content\/uploads\/2023\/07\/tkk20230729-768x576.jpeg 768w\" sizes=\"auto, (max-width: 1024px) 100vw, 1024px\" \/><\/figure>\n<\/div>\n\n\n<div style=\"height:40px\" aria-hidden=\"true\" class=\"wp-block-spacer\"><\/div>\n\n\n\n<p>2023\/7\/28<\/p>\n\n\n\n<p>\u672c\u65e5\u306f\u3001SteepleChase \u306a\u3072\u3068\u6642\uff08\u305d\u306e87\uff09\u3092\u697d\u3057\u307f\u307e\u3057\u305f\u3002<br>1175 Duke Jordan Trio \/ Truth<br>1176 Joe Bonner and Johnny Dyani \/ Suburban Fantasies<\/p>\n\n\n<div class=\"wp-block-image\">\n<figure class=\"aligncenter size-full\"><img loading=\"lazy\" decoding=\"async\" width=\"1024\" height=\"768\" src=\"http:\/\/maharl.com\/diary\/wp\/wp-content\/uploads\/2023\/07\/tkk20230728.jpeg\" alt=\"\" class=\"wp-image-580\" srcset=\"http:\/\/maharl.com\/diary\/wp\/wp-content\/uploads\/2023\/07\/tkk20230728.jpeg 1024w, http:\/\/maharl.com\/diary\/wp\/wp-content\/uploads\/2023\/07\/tkk20230728-300x225.jpeg 300w, http:\/\/maharl.com\/diary\/wp\/wp-content\/uploads\/2023\/07\/tkk20230728-768x576.jpeg 768w\" sizes=\"auto, (max-width: 1024px) 100vw, 1024px\" \/><\/figure>\n<\/div>\n\n\n<div style=\"height:40px\" aria-hidden=\"true\" class=\"wp-block-spacer\"><\/div>\n\n\n\n<p>2023\/7\/27<\/p>\n\n\n\n<p>\u672c\u65e5\u306f\u3001BN4000\u756a\u53f0\u3067\u30c8\u30e9\u30f3\u30da\u30c3\u30c8\u306a\u3072\u3068\u6642\uff08\u305d\u306e20\uff09\u3092\u697d\u3057\u307f\u307e\u3057\u305f\u3002<\/p>\n\n\n<div class=\"wp-block-image\">\n<figure class=\"aligncenter size-full\"><img loading=\"lazy\" decoding=\"async\" width=\"1024\" height=\"768\" src=\"http:\/\/maharl.com\/diary\/wp\/wp-content\/uploads\/2023\/07\/tkk20230727.jpeg\" alt=\"\" class=\"wp-image-578\" srcset=\"http:\/\/maharl.com\/diary\/wp\/wp-content\/uploads\/2023\/07\/tkk20230727.jpeg 1024w, http:\/\/maharl.com\/diary\/wp\/wp-content\/uploads\/2023\/07\/tkk20230727-300x225.jpeg 300w, http:\/\/maharl.com\/diary\/wp\/wp-content\/uploads\/2023\/07\/tkk20230727-768x576.jpeg 768w\" sizes=\"auto, (max-width: 1024px) 100vw, 1024px\" \/><\/figure>\n<\/div>\n\n\n<div style=\"height:41px\" aria-hidden=\"true\" class=\"wp-block-spacer\"><\/div>\n\n\n\n<p>2023\/7\/26<\/p>\n\n\n\n<p>\u672c\u65e5\u306f\u3001\u30bb\u30b7\u30eb\u30fb\u30c6\u30a4\u30e9\u30fc\u306a\u3072\u3068\u6642\u3092\u697d\u3057\u307f\u307e\u3057\u305f\u3002<\/p>\n\n\n<div class=\"wp-block-image\">\n<figure class=\"aligncenter size-full\"><img loading=\"lazy\" decoding=\"async\" width=\"1024\" height=\"768\" src=\"http:\/\/maharl.com\/diary\/wp\/wp-content\/uploads\/2023\/07\/tkk20230726.jpeg\" alt=\"\" class=\"wp-image-576\" srcset=\"http:\/\/maharl.com\/diary\/wp\/wp-content\/uploads\/2023\/07\/tkk20230726.jpeg 1024w, http:\/\/maharl.com\/diary\/wp\/wp-content\/uploads\/2023\/07\/tkk20230726-300x225.jpeg 300w, http:\/\/maharl.com\/diary\/wp\/wp-content\/uploads\/2023\/07\/tkk20230726-768x576.jpeg 768w\" sizes=\"auto, (max-width: 1024px) 100vw, 1024px\" \/><\/figure>\n<\/div>\n\n\n<div style=\"height:40px\" aria-hidden=\"true\" class=\"wp-block-spacer\"><\/div>\n\n\n\n<p>2023\/7\/25<\/p>\n\n\n\n<p>\u672c\u65e5\u306f\u3001SteepleChase \u306a\u3072\u3068\u6642\uff08\u305d\u306e86\uff09\u3092\u697d\u3057\u307f\u307e\u3057\u305f\u3002<br>1173 Buck Hill Quartet \/ Impressions<br>1174 John Tchicai and Pierre D\u00f8rge \/ Ball at Louisiana Museum of Modern Art<\/p>\n\n\n<div class=\"wp-block-image\">\n<figure class=\"aligncenter size-full\"><img loading=\"lazy\" decoding=\"async\" width=\"1024\" height=\"768\" src=\"http:\/\/maharl.com\/diary\/wp\/wp-content\/uploads\/2023\/07\/tkk20230725.jpeg\" alt=\"\" class=\"wp-image-574\" srcset=\"http:\/\/maharl.com\/diary\/wp\/wp-content\/uploads\/2023\/07\/tkk20230725.jpeg 1024w, http:\/\/maharl.com\/diary\/wp\/wp-content\/uploads\/2023\/07\/tkk20230725-300x225.jpeg 300w, http:\/\/maharl.com\/diary\/wp\/wp-content\/uploads\/2023\/07\/tkk20230725-768x576.jpeg 768w\" sizes=\"auto, (max-width: 1024px) 100vw, 1024px\" \/><\/figure>\n<\/div>\n\n\n<div style=\"height:41px\" aria-hidden=\"true\" class=\"wp-block-spacer\"><\/div>\n\n\n\n<p>2023\/7\/24<\/p>\n\n\n\n<p>\u672c\u65e5\u306f\u3001BN4000\u756a\u53f0\u3067\u30c8\u30e9\u30f3\u30da\u30c3\u30c8\u306a\u3072\u3068\u6642\uff08\u305d\u306e19\uff09\u3092\u697d\u3057\u307f\u307e\u3057\u305f\u3002<\/p>\n\n\n<div class=\"wp-block-image\">\n<figure class=\"aligncenter size-full\"><img loading=\"lazy\" decoding=\"async\" width=\"1024\" height=\"768\" src=\"http:\/\/maharl.com\/diary\/wp\/wp-content\/uploads\/2023\/07\/tkk20230724.jpeg\" alt=\"\" class=\"wp-image-572\" srcset=\"http:\/\/maharl.com\/diary\/wp\/wp-content\/uploads\/2023\/07\/tkk20230724.jpeg 1024w, http:\/\/maharl.com\/diary\/wp\/wp-content\/uploads\/2023\/07\/tkk20230724-300x225.jpeg 300w, http:\/\/maharl.com\/diary\/wp\/wp-content\/uploads\/2023\/07\/tkk20230724-768x576.jpeg 768w\" sizes=\"auto, (max-width: 1024px) 100vw, 1024px\" \/><\/figure>\n<\/div>\n\n\n<div style=\"height:40px\" aria-hidden=\"true\" class=\"wp-block-spacer\"><\/div>\n\n\n\n<p>2023\/7\/23<\/p>\n\n\n\n<p>\u672c\u65e5\u306f\u3001\u30ab\u30e9\u30d1\u30eb\u30fc\u30b7\u30e3\u30fb\u30e2\u30fc\u30ea\u30b9\u30fb\u30de\u30c3\u30ad\u30f3\u30bf\u30a4\u30a2\u306a\u3072\u3068\u6642\u3092\u697d\u3057\u307f\u307e\u3057\u305f\u3002<\/p>\n\n\n<div class=\"wp-block-image\">\n<figure class=\"aligncenter size-full\"><img loading=\"lazy\" decoding=\"async\" width=\"1024\" height=\"768\" src=\"http:\/\/maharl.com\/diary\/wp\/wp-content\/uploads\/2023\/07\/tkk20230723.jpeg\" alt=\"\" class=\"wp-image-568\" srcset=\"http:\/\/maharl.com\/diary\/wp\/wp-content\/uploads\/2023\/07\/tkk20230723.jpeg 1024w, http:\/\/maharl.com\/diary\/wp\/wp-content\/uploads\/2023\/07\/tkk20230723-300x225.jpeg 300w, http:\/\/maharl.com\/diary\/wp\/wp-content\/uploads\/2023\/07\/tkk20230723-768x576.jpeg 768w\" sizes=\"auto, (max-width: 1024px) 100vw, 1024px\" \/><\/figure>\n<\/div>\n\n\n<div style=\"height:40px\" aria-hidden=\"true\" class=\"wp-block-spacer\"><\/div>\n\n\n\n<p>2023\/7\/22<\/p>\n\n\n\n<p>\u672c\u65e5\u306f\u3001SteepleChase \u306a\u3072\u3068\u6642\uff08\u305d\u306e85\uff09\u3092\u697d\u3057\u307f\u307e\u3057\u305f\u3002<br>1171 Boulou Ferr\u00e9, Niels-Henning \u00d8rsted Pedersen and Elios Ferr\u00e9 \/ Trinity<br>1172 Jack Walrath Quintet \/ In Europe<\/p>\n\n\n<div class=\"wp-block-image\">\n<figure class=\"aligncenter size-full\"><img loading=\"lazy\" decoding=\"async\" width=\"1024\" height=\"768\" src=\"http:\/\/maharl.com\/diary\/wp\/wp-content\/uploads\/2023\/07\/tkk20230722.jpeg\" alt=\"\" class=\"wp-image-566\" srcset=\"http:\/\/maharl.com\/diary\/wp\/wp-content\/uploads\/2023\/07\/tkk20230722.jpeg 1024w, http:\/\/maharl.com\/diary\/wp\/wp-content\/uploads\/2023\/07\/tkk20230722-300x225.jpeg 300w, http:\/\/maharl.com\/diary\/wp\/wp-content\/uploads\/2023\/07\/tkk20230722-768x576.jpeg 768w\" sizes=\"auto, (max-width: 1024px) 100vw, 1024px\" \/><\/figure>\n<\/div>\n\n\n<div style=\"height:40px\" aria-hidden=\"true\" class=\"wp-block-spacer\"><\/div>\n\n\n\n<p>2023\/7\/21<\/p>\n\n\n\n<p>\u672c\u65e5\u306f\u3001BN4000\u756a\u53f0\u3067\u30c8\u30e9\u30f3\u30da\u30c3\u30c8\u306a\u3072\u3068\u6642\uff08\u305d\u306e18\uff09\u3092\u697d\u3057\u307f\u307e\u3057\u305f\u3002<\/p>\n\n\n<div class=\"wp-block-image\">\n<figure class=\"aligncenter size-full\"><img loading=\"lazy\" decoding=\"async\" width=\"1024\" height=\"768\" src=\"http:\/\/maharl.com\/diary\/wp\/wp-content\/uploads\/2023\/07\/tkk20230721.jpeg\" alt=\"\" class=\"wp-image-564\" srcset=\"http:\/\/maharl.com\/diary\/wp\/wp-content\/uploads\/2023\/07\/tkk20230721.jpeg 1024w, http:\/\/maharl.com\/diary\/wp\/wp-content\/uploads\/2023\/07\/tkk20230721-300x225.jpeg 300w, http:\/\/maharl.com\/diary\/wp\/wp-content\/uploads\/2023\/07\/tkk20230721-768x576.jpeg 768w\" sizes=\"auto, (max-width: 1024px) 100vw, 1024px\" \/><\/figure>\n<\/div>\n\n\n<p><\/p>\n","protected":false},"excerpt":{"rendered":"<p>2023\/7\/31 \u672c\u65e5\u306f\u3001SteepleChase \u306a\u3072\u3068\u6642\uff08\u305d\u306e88\uff09\u3092\u697d\u3057\u307f\u307e\u3057\u305f\u30021177 Bernt Rosengren Quartet\/Quintet \/ Surprise Party1178 Horace &hellip; <a class=\"more-link\" href=\"http:\/\/maharl.com\/diary\/di202307c\/\">\u7d9a\u304d\u3092\u8aad\u3080 <span class=\"screen-reader-text\">2023\u5e747\u6708\u4e0b\u65ec<\/span><\/a><\/p>\n","protected":false},"author":1,"featured_media":0,"parent":0,"menu_order":0,"comment_status":"closed","ping_status":"closed","template":"","meta":{"_coblocks_attr":"","_coblocks_dimensions":"","_coblocks_responsive_height":"","_coblocks_accordion_ie_support":"","footnotes":""},"class_list":["post-561","page","type-page","status-publish","hentry","entry"],"_links":{"self":[{"href":"http:\/\/maharl.com\/diary\/wp-json\/wp\/v2\/pages\/561","targetHints":{"allow":["GET"]}}],"collection":[{"href":"http:\/\/maharl.com\/diary\/wp-json\/wp\/v2\/pages"}],"about":[{"href":"http:\/\/maharl.com\/diary\/wp-json\/wp\/v2\/types\/page"}],"author":[{"embeddable":true,"href":"http:\/\/maharl.com\/diary\/wp-json\/wp\/v2\/users\/1"}],"replies":[{"embeddable":true,"href":"http:\/\/maharl.com\/diary\/wp-json\/wp\/v2\/comments?post=561"}],"version-history":[{"count":13,"href":"http:\/\/maharl.com\/diary\/wp-json\/wp\/v2\/pages\/561\/revisions"}],"predecessor-version":[{"id":589,"href":"http:\/\/maharl.com\/diary\/wp-json\/wp\/v2\/pages\/561\/revisions\/589"}],"wp:attachment":[{"href":"http:\/\/maharl.com\/diary\/wp-json\/wp\/v2\/media?parent=561"}],"curies":[{"name":"wp","href":"https:\/\/api.w.org\/{rel}","templated":true}]}}